{"id":9699,"date":"2026-01-14T12:01:13","date_gmt":"2026-01-14T11:01:13","guid":{"rendered":"https:\/\/hansa-engineering.se\/?post_type=product&#038;p=9699"},"modified":"2026-01-14T12:40:22","modified_gmt":"2026-01-14T11:40:22","slug":"h2-hydro","status":"publish","type":"product","link":"https:\/\/hansa-engineering.se\/fi\/produkt\/h2-hydro\/","title":{"rendered":"H2 Hydro"},"excerpt":{"rendered":"H2 Hydro on suunniteltu erityisesti k\u00e4ytett\u00e4v\u00e4ksi yhdess\u00e4 hydrauliikkaj\u00e4rjestelmien kanssa ja p\u00f6lynhallintaan ulkotiloissa.","protected":false},"featured_media":9700,"template":"","meta":{"_acf_changed":false},"product_brand":[],"product_cat":[180],"product_tag":[],"class_list":{"0":"post-9699","1":"product","2":"type-product","3":"status-publish","4":"has-post-thumbnail","6":"product_cat-punktssystem","8":"first","9":"instock","10":"shipping-taxable","11":"purchasable","12":"product-type-simple"},"acf":[],"_links":{"self":[{"href":"https:\/\/hansa-engineering.se\/fi\/wp-json\/wp\/v2\/product\/9699","targetHints":{"allow":["GET"]}}],"collection":[{"href":"https:\/\/hansa-engineering.se\/fi\/wp-json\/wp\/v2\/product"}],"about":[{"href":"https:\/\/hansa-engineering.se\/fi\/wp-json\/wp\/v2\/types\/product"}],"wp:featuredmedia":[{"embeddable":true,"href":"https:\/\/hansa-engineering.se\/fi\/wp-json\/wp\/v2\/media\/9700"}],"wp:attachment":[{"href":"https:\/\/hansa-engineering.se\/fi\/wp-json\/wp\/v2\/media?parent=9699"}],"wp:term":[{"taxonomy":"product_brand","embeddable":true,"href":"https:\/\/hansa-engineering.se\/fi\/wp-json\/wp\/v2\/product_brand?post=9699"},{"taxonomy":"product_cat","embeddable":true,"href":"https:\/\/hansa-engineering.se\/fi\/wp-json\/wp\/v2\/product_cat?post=9699"},{"taxonomy":"product_tag","embeddable":true,"href":"https:\/\/hansa-engineering.se\/fi\/wp-json\/wp\/v2\/product_tag?post=9699"}],"curies":[{"name":"wp","href":"https:\/\/api.w.org\/{rel}","templated":true}]}}