{"id":9694,"date":"2026-01-14T11:01:10","date_gmt":"2026-01-14T10:01:10","guid":{"rendered":"https:\/\/hansa-engineering.se\/?post_type=product&#038;p=9694"},"modified":"2026-01-14T12:42:53","modified_gmt":"2026-01-14T11:42:53","slug":"h2-multi","status":"publish","type":"product","link":"https:\/\/hansa-engineering.se\/fi\/produkt\/h2-multi\/","title":{"rendered":"H2 Multi"},"excerpt":{"rendered":"H2 Multi on suurempi versio H2 Midist\u00e4. Sen pumppauskapasiteetti on kaksinkertainen, joten se voi sy\u00f6tt\u00e4\u00e4 vett\u00e4 jopa 16 eri sovellusalueelle.","protected":false},"featured_media":9696,"template":"","meta":{"_acf_changed":false},"product_brand":[],"product_cat":[180],"product_tag":[],"class_list":{"0":"post-9694","1":"product","2":"type-product","3":"status-publish","4":"has-post-thumbnail","6":"product_cat-punktssystem","8":"first","9":"instock","10":"shipping-taxable","11":"purchasable","12":"product-type-simple"},"acf":[],"_links":{"self":[{"href":"https:\/\/hansa-engineering.se\/fi\/wp-json\/wp\/v2\/product\/9694","targetHints":{"allow":["GET"]}}],"collection":[{"href":"https:\/\/hansa-engineering.se\/fi\/wp-json\/wp\/v2\/product"}],"about":[{"href":"https:\/\/hansa-engineering.se\/fi\/wp-json\/wp\/v2\/types\/product"}],"wp:featuredmedia":[{"embeddable":true,"href":"https:\/\/hansa-engineering.se\/fi\/wp-json\/wp\/v2\/media\/9696"}],"wp:attachment":[{"href":"https:\/\/hansa-engineering.se\/fi\/wp-json\/wp\/v2\/media?parent=9694"}],"wp:term":[{"taxonomy":"product_brand","embeddable":true,"href":"https:\/\/hansa-engineering.se\/fi\/wp-json\/wp\/v2\/product_brand?post=9694"},{"taxonomy":"product_cat","embeddable":true,"href":"https:\/\/hansa-engineering.se\/fi\/wp-json\/wp\/v2\/product_cat?post=9694"},{"taxonomy":"product_tag","embeddable":true,"href":"https:\/\/hansa-engineering.se\/fi\/wp-json\/wp\/v2\/product_tag?post=9694"}],"curies":[{"name":"wp","href":"https:\/\/api.w.org\/{rel}","templated":true}]}}