{"id":9644,"date":"2026-01-13T09:22:14","date_gmt":"2026-01-13T08:22:14","guid":{"rendered":"https:\/\/hansa-engineering.se\/?post_type=product&#038;p=9644"},"modified":"2026-01-23T15:50:59","modified_gmt":"2026-01-23T14:50:59","slug":"automaattinen-loysaysjarjestelma","status":"publish","type":"product","link":"https:\/\/hansa-engineering.se\/fi\/produkt\/automatiskt-slacksystem\/","title":{"rendered":"Automaattinen sammutusj\u00e4rjestelm\u00e4"},"excerpt":{"rendered":"EmiControl-automaattisammutusj\u00e4rjestelm\u00e4 on t\u00e4ydellinen j\u00e4rjestelm\u00e4, joka toimii t\u00e4ysin automaattisesti ja mukautetaan yksil\u00f6llisesti tarpeisiisi.","protected":false},"featured_media":9647,"template":"","meta":{"_acf_changed":false},"product_brand":[],"product_cat":[266],"product_tag":[],"class_list":{"0":"post-9644","1":"product","2":"type-product","3":"status-publish","4":"has-post-thumbnail","6":"product_cat-brandbekampning","8":"first","9":"instock","10":"shipping-taxable","11":"purchasable","12":"product-type-simple"},"acf":[],"_links":{"self":[{"href":"https:\/\/hansa-engineering.se\/fi\/wp-json\/wp\/v2\/product\/9644","targetHints":{"allow":["GET"]}}],"collection":[{"href":"https:\/\/hansa-engineering.se\/fi\/wp-json\/wp\/v2\/product"}],"about":[{"href":"https:\/\/hansa-engineering.se\/fi\/wp-json\/wp\/v2\/types\/product"}],"wp:featuredmedia":[{"embeddable":true,"href":"https:\/\/hansa-engineering.se\/fi\/wp-json\/wp\/v2\/media\/9647"}],"wp:attachment":[{"href":"https:\/\/hansa-engineering.se\/fi\/wp-json\/wp\/v2\/media?parent=9644"}],"wp:term":[{"taxonomy":"product_brand","embeddable":true,"href":"https:\/\/hansa-engineering.se\/fi\/wp-json\/wp\/v2\/product_brand?post=9644"},{"taxonomy":"product_cat","embeddable":true,"href":"https:\/\/hansa-engineering.se\/fi\/wp-json\/wp\/v2\/product_cat?post=9644"},{"taxonomy":"product_tag","embeddable":true,"href":"https:\/\/hansa-engineering.se\/fi\/wp-json\/wp\/v2\/product_tag?post=9644"}],"curies":[{"name":"wp","href":"https:\/\/api.w.org\/{rel}","templated":true}]}}