{"id":9609,"date":"2026-01-12T13:25:44","date_gmt":"2026-01-12T12:25:44","guid":{"rendered":"https:\/\/hansa-engineering.se\/?post_type=product&#038;p=9609"},"modified":"2026-02-19T14:14:14","modified_gmt":"2026-02-19T13:14:14","slug":"unideck-alumiini-ifr","status":"publish","type":"product","link":"https:\/\/hansa-engineering.se\/fi\/produkt\/unideck-aluminum-ifr\/","title":{"rendered":"Unideck\u2122 Aluminium IFR"},"excerpt":{"rendered":"HMT:n Unideck on vakiintunut IFR-teknologia, joka on suojannut varastoitavia nestetuotteita maanp\u00e4\u00e4llisiss\u00e4 varastos\u00e4ili\u00f6iss\u00e4 yli 40 vuoden ajan.","protected":false},"featured_media":9610,"template":"","meta":{"_acf_changed":false},"product_brand":[],"product_cat":[260],"product_tag":[],"class_list":{"0":"post-9609","1":"product","2":"type-product","3":"status-publish","4":"has-post-thumbnail","6":"product_cat-invandiga-flytande-tak","8":"first","9":"instock","10":"shipping-taxable","11":"purchasable","12":"product-type-simple"},"acf":[],"_links":{"self":[{"href":"https:\/\/hansa-engineering.se\/fi\/wp-json\/wp\/v2\/product\/9609","targetHints":{"allow":["GET"]}}],"collection":[{"href":"https:\/\/hansa-engineering.se\/fi\/wp-json\/wp\/v2\/product"}],"about":[{"href":"https:\/\/hansa-engineering.se\/fi\/wp-json\/wp\/v2\/types\/product"}],"wp:featuredmedia":[{"embeddable":true,"href":"https:\/\/hansa-engineering.se\/fi\/wp-json\/wp\/v2\/media\/9610"}],"wp:attachment":[{"href":"https:\/\/hansa-engineering.se\/fi\/wp-json\/wp\/v2\/media?parent=9609"}],"wp:term":[{"taxonomy":"product_brand","embeddable":true,"href":"https:\/\/hansa-engineering.se\/fi\/wp-json\/wp\/v2\/product_brand?post=9609"},{"taxonomy":"product_cat","embeddable":true,"href":"https:\/\/hansa-engineering.se\/fi\/wp-json\/wp\/v2\/product_cat?post=9609"},{"taxonomy":"product_tag","embeddable":true,"href":"https:\/\/hansa-engineering.se\/fi\/wp-json\/wp\/v2\/product_tag?post=9609"}],"curies":[{"name":"wp","href":"https:\/\/api.w.org\/{rel}","templated":true}]}}