{"id":9590,"date":"2026-01-09T15:27:39","date_gmt":"2026-01-09T14:27:39","guid":{"rendered":"https:\/\/hansa-engineering.se\/?post_type=product&#038;p=9590"},"modified":"2026-02-19T14:34:09","modified_gmt":"2026-02-19T13:34:09","slug":"alumiinikupolit-maanpaalliseen-varastointiin","status":"publish","type":"product","link":"https:\/\/hansa-engineering.se\/fi\/produkt\/aluminum-domes-for-aboveground-storage\/","title":{"rendered":"Aluminum Domes for Aboveground Storage"},"excerpt":{"rendered":"HMT:n Aluminum Domes on vapaasti j\u00e4nnev\u00e4lirakenteinen ja kokonaan alumiinista valmistettu, kevyt ja korroosionkest\u00e4v\u00e4 rakenne.","protected":false},"featured_media":9591,"template":"","meta":{"_acf_changed":false},"product_brand":[],"product_cat":[262],"product_tag":[],"class_list":{"0":"post-9590","1":"product","2":"type-product","3":"status-publish","4":"has-post-thumbnail","6":"product_cat-aluminiumkupoler","8":"first","9":"instock","10":"shipping-taxable","11":"purchasable","12":"product-type-simple"},"acf":[],"_links":{"self":[{"href":"https:\/\/hansa-engineering.se\/fi\/wp-json\/wp\/v2\/product\/9590","targetHints":{"allow":["GET"]}}],"collection":[{"href":"https:\/\/hansa-engineering.se\/fi\/wp-json\/wp\/v2\/product"}],"about":[{"href":"https:\/\/hansa-engineering.se\/fi\/wp-json\/wp\/v2\/types\/product"}],"wp:featuredmedia":[{"embeddable":true,"href":"https:\/\/hansa-engineering.se\/fi\/wp-json\/wp\/v2\/media\/9591"}],"wp:attachment":[{"href":"https:\/\/hansa-engineering.se\/fi\/wp-json\/wp\/v2\/media?parent=9590"}],"wp:term":[{"taxonomy":"product_brand","embeddable":true,"href":"https:\/\/hansa-engineering.se\/fi\/wp-json\/wp\/v2\/product_brand?post=9590"},{"taxonomy":"product_cat","embeddable":true,"href":"https:\/\/hansa-engineering.se\/fi\/wp-json\/wp\/v2\/product_cat?post=9590"},{"taxonomy":"product_tag","embeddable":true,"href":"https:\/\/hansa-engineering.se\/fi\/wp-json\/wp\/v2\/product_tag?post=9590"}],"curies":[{"name":"wp","href":"https:\/\/api.w.org\/{rel}","templated":true}]}}