{"id":9579,"date":"2026-01-08T14:08:00","date_gmt":"2026-01-08T13:08:00","guid":{"rendered":"https:\/\/hansa-engineering.se\/?post_type=product&#038;p=9579"},"modified":"2026-02-19T11:30:11","modified_gmt":"2026-02-19T10:30:11","slug":"vahakaapimet","status":"publish","type":"product","link":"https:\/\/hansa-engineering.se\/fi\/produkt\/wax-scrapers\/","title":{"rendered":"Wax Scrapers"},"excerpt":{"rendered":"HMT:n vahanraaputtimet k\u00e4sittelev\u00e4t ymp\u00e4rist\u00f6\u00f6n liittyvi\u00e4 riskej\u00e4 ja parantavat turvallisuutta maanp\u00e4\u00e4llisiss\u00e4 varastos\u00e4ili\u00f6iss\u00e4.","protected":false},"featured_media":9582,"template":"","meta":{"_acf_changed":false},"product_brand":[],"product_cat":[259],"product_tag":[],"class_list":{"0":"post-9579","1":"product","2":"type-product","3":"status-publish","4":"has-post-thumbnail","6":"product_cat-flytande-taktatningar","8":"first","9":"instock","10":"shipping-taxable","11":"purchasable","12":"product-type-simple"},"acf":[],"_links":{"self":[{"href":"https:\/\/hansa-engineering.se\/fi\/wp-json\/wp\/v2\/product\/9579","targetHints":{"allow":["GET"]}}],"collection":[{"href":"https:\/\/hansa-engineering.se\/fi\/wp-json\/wp\/v2\/product"}],"about":[{"href":"https:\/\/hansa-engineering.se\/fi\/wp-json\/wp\/v2\/types\/product"}],"wp:featuredmedia":[{"embeddable":true,"href":"https:\/\/hansa-engineering.se\/fi\/wp-json\/wp\/v2\/media\/9582"}],"wp:attachment":[{"href":"https:\/\/hansa-engineering.se\/fi\/wp-json\/wp\/v2\/media?parent=9579"}],"wp:term":[{"taxonomy":"product_brand","embeddable":true,"href":"https:\/\/hansa-engineering.se\/fi\/wp-json\/wp\/v2\/product_brand?post=9579"},{"taxonomy":"product_cat","embeddable":true,"href":"https:\/\/hansa-engineering.se\/fi\/wp-json\/wp\/v2\/product_cat?post=9579"},{"taxonomy":"product_tag","embeddable":true,"href":"https:\/\/hansa-engineering.se\/fi\/wp-json\/wp\/v2\/product_tag?post=9579"}],"curies":[{"name":"wp","href":"https:\/\/api.w.org\/{rel}","templated":true}]}}