{"id":9577,"date":"2026-01-08T13:56:46","date_gmt":"2026-01-08T12:56:46","guid":{"rendered":"https:\/\/hansa-engineering.se\/?post_type=product&#038;p=9577"},"modified":"2026-02-19T14:09:34","modified_gmt":"2026-02-19T13:09:34","slug":"allentech-toissijainen-kengan-tiiviste","status":"publish","type":"product","link":"https:\/\/hansa-engineering.se\/fi\/produkt\/allentech-secondary-shoe-seal\/","title":{"rendered":"ALLENTECH Secondary Shoe Seal"},"excerpt":{"rendered":"ALLENTECH sekund\u00e4\u00e4rinen kenk\u00e4tiiviste ruostumattomasta ter\u00e4ksest\u00e4 alumiini-sis\u00e4isille kelluville katoille.","protected":false},"featured_media":9636,"template":"","meta":{"_acf_changed":false},"product_brand":[],"product_cat":[259],"product_tag":[],"class_list":{"0":"post-9577","1":"product","2":"type-product","3":"status-publish","4":"has-post-thumbnail","6":"product_cat-flytande-taktatningar","8":"first","9":"instock","10":"shipping-taxable","11":"purchasable","12":"product-type-simple"},"acf":[],"_links":{"self":[{"href":"https:\/\/hansa-engineering.se\/fi\/wp-json\/wp\/v2\/product\/9577","targetHints":{"allow":["GET"]}}],"collection":[{"href":"https:\/\/hansa-engineering.se\/fi\/wp-json\/wp\/v2\/product"}],"about":[{"href":"https:\/\/hansa-engineering.se\/fi\/wp-json\/wp\/v2\/types\/product"}],"wp:featuredmedia":[{"embeddable":true,"href":"https:\/\/hansa-engineering.se\/fi\/wp-json\/wp\/v2\/media\/9636"}],"wp:attachment":[{"href":"https:\/\/hansa-engineering.se\/fi\/wp-json\/wp\/v2\/media?parent=9577"}],"wp:term":[{"taxonomy":"product_brand","embeddable":true,"href":"https:\/\/hansa-engineering.se\/fi\/wp-json\/wp\/v2\/product_brand?post=9577"},{"taxonomy":"product_cat","embeddable":true,"href":"https:\/\/hansa-engineering.se\/fi\/wp-json\/wp\/v2\/product_cat?post=9577"},{"taxonomy":"product_tag","embeddable":true,"href":"https:\/\/hansa-engineering.se\/fi\/wp-json\/wp\/v2\/product_tag?post=9577"}],"curies":[{"name":"wp","href":"https:\/\/api.w.org\/{rel}","templated":true}]}}