{"id":9574,"date":"2026-01-08T13:47:11","date_gmt":"2026-01-08T12:47:11","guid":{"rendered":"https:\/\/hansa-engineering.se\/?post_type=product&#038;p=9574"},"modified":"2026-02-19T11:21:05","modified_gmt":"2026-02-19T10:21:05","slug":"vaporflex-sisainen-toissijainen-tiiviste","status":"publish","type":"product","link":"https:\/\/hansa-engineering.se\/fi\/produkt\/vaporflex-internal-secondary-seal\/","title":{"rendered":"Vaporflex\u00ae Internal Secondary Seal"},"excerpt":{"rendered":"Vaporflex Internal Secondary Seal on tehokas, kest\u00e4v\u00e4 ja joustava toissijainen tiiviste, joka on yhteensopiva l\u00e4hes kaikkien varastoitujen tuotteiden kanssa.","protected":false},"featured_media":9575,"template":"","meta":{"_acf_changed":false},"product_brand":[],"product_cat":[259],"product_tag":[],"class_list":{"0":"post-9574","1":"product","2":"type-product","3":"status-publish","4":"has-post-thumbnail","6":"product_cat-flytande-taktatningar","8":"first","9":"instock","10":"shipping-taxable","11":"purchasable","12":"product-type-simple"},"acf":[],"_links":{"self":[{"href":"https:\/\/hansa-engineering.se\/fi\/wp-json\/wp\/v2\/product\/9574","targetHints":{"allow":["GET"]}}],"collection":[{"href":"https:\/\/hansa-engineering.se\/fi\/wp-json\/wp\/v2\/product"}],"about":[{"href":"https:\/\/hansa-engineering.se\/fi\/wp-json\/wp\/v2\/types\/product"}],"wp:featuredmedia":[{"embeddable":true,"href":"https:\/\/hansa-engineering.se\/fi\/wp-json\/wp\/v2\/media\/9575"}],"wp:attachment":[{"href":"https:\/\/hansa-engineering.se\/fi\/wp-json\/wp\/v2\/media?parent=9574"}],"wp:term":[{"taxonomy":"product_brand","embeddable":true,"href":"https:\/\/hansa-engineering.se\/fi\/wp-json\/wp\/v2\/product_brand?post=9574"},{"taxonomy":"product_cat","embeddable":true,"href":"https:\/\/hansa-engineering.se\/fi\/wp-json\/wp\/v2\/product_cat?post=9574"},{"taxonomy":"product_tag","embeddable":true,"href":"https:\/\/hansa-engineering.se\/fi\/wp-json\/wp\/v2\/product_tag?post=9574"}],"curies":[{"name":"wp","href":"https:\/\/api.w.org\/{rel}","templated":true}]}}