{"id":9565,"date":"2026-01-08T13:24:17","date_gmt":"2026-01-08T12:24:17","guid":{"rendered":"https:\/\/hansa-engineering.se\/?post_type=product&#038;p=9565"},"modified":"2026-02-19T11:11:11","modified_gmt":"2026-02-19T10:11:11","slug":"allentech-primaarikengan-tiiviste","status":"publish","type":"product","link":"https:\/\/hansa-engineering.se\/fi\/produkt\/allentech-primary-shoe-seal\/","title":{"rendered":"ALLENTECH Primary Shoe Seal"},"excerpt":{"rendered":"Prim\u00e4\u00e4ritiiviste katsotaan nestem\u00e4isesti asennettavaksi tiivisteeksi API:n ja EPA:n suositusten mukaisesti.","protected":false},"featured_media":9635,"template":"","meta":{"_acf_changed":false},"product_brand":[],"product_cat":[259],"product_tag":[],"class_list":{"0":"post-9565","1":"product","2":"type-product","3":"status-publish","4":"has-post-thumbnail","6":"product_cat-flytande-taktatningar","8":"first","9":"instock","10":"shipping-taxable","11":"purchasable","12":"product-type-simple"},"acf":[],"_links":{"self":[{"href":"https:\/\/hansa-engineering.se\/fi\/wp-json\/wp\/v2\/product\/9565","targetHints":{"allow":["GET"]}}],"collection":[{"href":"https:\/\/hansa-engineering.se\/fi\/wp-json\/wp\/v2\/product"}],"about":[{"href":"https:\/\/hansa-engineering.se\/fi\/wp-json\/wp\/v2\/types\/product"}],"wp:featuredmedia":[{"embeddable":true,"href":"https:\/\/hansa-engineering.se\/fi\/wp-json\/wp\/v2\/media\/9635"}],"wp:attachment":[{"href":"https:\/\/hansa-engineering.se\/fi\/wp-json\/wp\/v2\/media?parent=9565"}],"wp:term":[{"taxonomy":"product_brand","embeddable":true,"href":"https:\/\/hansa-engineering.se\/fi\/wp-json\/wp\/v2\/product_brand?post=9565"},{"taxonomy":"product_cat","embeddable":true,"href":"https:\/\/hansa-engineering.se\/fi\/wp-json\/wp\/v2\/product_cat?post=9565"},{"taxonomy":"product_tag","embeddable":true,"href":"https:\/\/hansa-engineering.se\/fi\/wp-json\/wp\/v2\/product_tag?post=9565"}],"curies":[{"name":"wp","href":"https:\/\/api.w.org\/{rel}","templated":true}]}}