{"id":9562,"date":"2026-01-08T13:15:23","date_gmt":"2026-01-08T12:15:23","guid":{"rendered":"https:\/\/hansa-engineering.se\/?post_type=product&#038;p=9562"},"modified":"2026-02-19T11:36:00","modified_gmt":"2026-02-19T10:36:00","slug":"retro-fit-mini-kengan-tiiviste","status":"publish","type":"product","link":"https:\/\/hansa-engineering.se\/fi\/produkt\/retro-fit-mini-shoe-seal\/","title":{"rendered":"Retro-Fit Mini-Shoe\u00ae Seal"},"excerpt":{"rendered":"Retro-Fit Mini-Shoe Seal on kehitetty ratkaisemaan, kuinka prim\u00e4\u00e4rinen mekaaninen kenk\u00e4tiiviste asennetaan olemassa olevaan kevytrakenteiseen alumiini-IFR:\u00e4\u00e4n.","protected":false},"featured_media":9634,"template":"","meta":{"_acf_changed":false},"product_brand":[],"product_cat":[259],"product_tag":[],"class_list":{"0":"post-9562","1":"product","2":"type-product","3":"status-publish","4":"has-post-thumbnail","6":"product_cat-flytande-taktatningar","8":"first","9":"instock","10":"shipping-taxable","11":"purchasable","12":"product-type-simple"},"acf":[],"_links":{"self":[{"href":"https:\/\/hansa-engineering.se\/fi\/wp-json\/wp\/v2\/product\/9562","targetHints":{"allow":["GET"]}}],"collection":[{"href":"https:\/\/hansa-engineering.se\/fi\/wp-json\/wp\/v2\/product"}],"about":[{"href":"https:\/\/hansa-engineering.se\/fi\/wp-json\/wp\/v2\/types\/product"}],"wp:featuredmedia":[{"embeddable":true,"href":"https:\/\/hansa-engineering.se\/fi\/wp-json\/wp\/v2\/media\/9634"}],"wp:attachment":[{"href":"https:\/\/hansa-engineering.se\/fi\/wp-json\/wp\/v2\/media?parent=9562"}],"wp:term":[{"taxonomy":"product_brand","embeddable":true,"href":"https:\/\/hansa-engineering.se\/fi\/wp-json\/wp\/v2\/product_brand?post=9562"},{"taxonomy":"product_cat","embeddable":true,"href":"https:\/\/hansa-engineering.se\/fi\/wp-json\/wp\/v2\/product_cat?post=9562"},{"taxonomy":"product_tag","embeddable":true,"href":"https:\/\/hansa-engineering.se\/fi\/wp-json\/wp\/v2\/product_tag?post=9562"}],"curies":[{"name":"wp","href":"https:\/\/api.w.org\/{rel}","templated":true}]}}