{"id":9555,"date":"2026-01-08T13:05:43","date_gmt":"2026-01-08T12:05:43","guid":{"rendered":"https:\/\/hansa-engineering.se\/?post_type=product&#038;p=9555"},"modified":"2026-02-19T10:42:23","modified_gmt":"2026-02-19T09:42:23","slug":"kelluvien-kattosailioiden-ulkoiset-sekundaaripyyhkimien-tiivisteet","status":"publish","type":"product","link":"https:\/\/hansa-engineering.se\/fi\/produkt\/external-secondary-wiper-seals-for-floating-roof-tanks\/","title":{"rendered":"External Secondary Wiper Seals for Floating Roof Tanks"},"excerpt":{"rendered":"External Secondary Wiper Seals for Floating Roof Tanks on vakiintunut toissijainen tiiviste, joka on suojannut varastos\u00e4ili\u00f6it\u00e4 AST-teollisuudessa yli 40 vuoden ajan.","protected":false},"featured_media":9556,"template":"","meta":{"_acf_changed":false},"product_brand":[],"product_cat":[259],"product_tag":[],"class_list":{"0":"post-9555","1":"product","2":"type-product","3":"status-publish","4":"has-post-thumbnail","6":"product_cat-flytande-taktatningar","8":"first","9":"instock","10":"shipping-taxable","11":"purchasable","12":"product-type-simple"},"acf":[],"_links":{"self":[{"href":"https:\/\/hansa-engineering.se\/fi\/wp-json\/wp\/v2\/product\/9555","targetHints":{"allow":["GET"]}}],"collection":[{"href":"https:\/\/hansa-engineering.se\/fi\/wp-json\/wp\/v2\/product"}],"about":[{"href":"https:\/\/hansa-engineering.se\/fi\/wp-json\/wp\/v2\/types\/product"}],"wp:featuredmedia":[{"embeddable":true,"href":"https:\/\/hansa-engineering.se\/fi\/wp-json\/wp\/v2\/media\/9556"}],"wp:attachment":[{"href":"https:\/\/hansa-engineering.se\/fi\/wp-json\/wp\/v2\/media?parent=9555"}],"wp:term":[{"taxonomy":"product_brand","embeddable":true,"href":"https:\/\/hansa-engineering.se\/fi\/wp-json\/wp\/v2\/product_brand?post=9555"},{"taxonomy":"product_cat","embeddable":true,"href":"https:\/\/hansa-engineering.se\/fi\/wp-json\/wp\/v2\/product_cat?post=9555"},{"taxonomy":"product_tag","embeddable":true,"href":"https:\/\/hansa-engineering.se\/fi\/wp-json\/wp\/v2\/product_tag?post=9555"}],"curies":[{"name":"wp","href":"https:\/\/api.w.org\/{rel}","templated":true}]}}