{"id":9547,"date":"2026-01-08T11:39:29","date_gmt":"2026-01-08T10:39:29","guid":{"rendered":"https:\/\/hansa-engineering.se\/?post_type=product&#038;p=9547"},"modified":"2026-02-19T10:16:41","modified_gmt":"2026-02-19T09:16:41","slug":"seal-kingin-toissijainen-tiiviste","status":"publish","type":"product","link":"https:\/\/hansa-engineering.se\/fi\/produkt\/seal-king-secondary-seal\/","title":{"rendered":"Seal King\u00ae Secondary Seal"},"excerpt":{"rendered":"Seal King Secondary Seal on erityisesti suunniteltu maksimoimaan s\u00e4ili\u00f6n k\u00e4ytt\u00f6tilavuus.","protected":false},"featured_media":9549,"template":"","meta":{"_acf_changed":false},"product_brand":[],"product_cat":[259],"product_tag":[],"class_list":{"0":"post-9547","1":"product","2":"type-product","3":"status-publish","4":"has-post-thumbnail","6":"product_cat-flytande-taktatningar","8":"first","9":"instock","10":"shipping-taxable","11":"purchasable","12":"product-type-simple"},"acf":[],"_links":{"self":[{"href":"https:\/\/hansa-engineering.se\/fi\/wp-json\/wp\/v2\/product\/9547","targetHints":{"allow":["GET"]}}],"collection":[{"href":"https:\/\/hansa-engineering.se\/fi\/wp-json\/wp\/v2\/product"}],"about":[{"href":"https:\/\/hansa-engineering.se\/fi\/wp-json\/wp\/v2\/types\/product"}],"wp:featuredmedia":[{"embeddable":true,"href":"https:\/\/hansa-engineering.se\/fi\/wp-json\/wp\/v2\/media\/9549"}],"wp:attachment":[{"href":"https:\/\/hansa-engineering.se\/fi\/wp-json\/wp\/v2\/media?parent=9547"}],"wp:term":[{"taxonomy":"product_brand","embeddable":true,"href":"https:\/\/hansa-engineering.se\/fi\/wp-json\/wp\/v2\/product_brand?post=9547"},{"taxonomy":"product_cat","embeddable":true,"href":"https:\/\/hansa-engineering.se\/fi\/wp-json\/wp\/v2\/product_cat?post=9547"},{"taxonomy":"product_tag","embeddable":true,"href":"https:\/\/hansa-engineering.se\/fi\/wp-json\/wp\/v2\/product_tag?post=9547"}],"curies":[{"name":"wp","href":"https:\/\/api.w.org\/{rel}","templated":true}]}}