{"id":9236,"date":"2025-09-19T14:33:53","date_gmt":"2025-09-19T12:33:53","guid":{"rendered":"https:\/\/hansa-engineering.se\/?post_type=product&#038;p=9236"},"modified":"2025-12-19T08:50:29","modified_gmt":"2025-12-19T07:50:29","slug":"alnab-kaasuanalysimatka","status":"publish","type":"product","link":"https:\/\/hansa-engineering.se\/fi\/produkt\/alnab-gasanalysmatning\/","title":{"rendered":"Kaasuanalyysin mittaus"},"excerpt":{"rendered":"Etsitk\u00f6 luotettavia kaasuanalyysiratkaisuja prosessi- ja ymp\u00e4rist\u00f6mittauksiin? Sisaryhti\u00f6mme Alnab tarjoaa jatkuvatoimisia kaasuanalyysij\u00e4rjestelmi\u00e4.","protected":false},"featured_media":9249,"template":"","meta":{"_acf_changed":false},"product_brand":[],"product_cat":[189],"product_tag":[],"class_list":{"0":"post-9236","1":"product","2":"type-product","3":"status-publish","4":"has-post-thumbnail","6":"product_cat-kolonninredning","8":"first","9":"instock","10":"shipping-taxable","11":"purchasable","12":"product-type-simple"},"acf":[],"_links":{"self":[{"href":"https:\/\/hansa-engineering.se\/fi\/wp-json\/wp\/v2\/product\/9236","targetHints":{"allow":["GET"]}}],"collection":[{"href":"https:\/\/hansa-engineering.se\/fi\/wp-json\/wp\/v2\/product"}],"about":[{"href":"https:\/\/hansa-engineering.se\/fi\/wp-json\/wp\/v2\/types\/product"}],"wp:featuredmedia":[{"embeddable":true,"href":"https:\/\/hansa-engineering.se\/fi\/wp-json\/wp\/v2\/media\/9249"}],"wp:attachment":[{"href":"https:\/\/hansa-engineering.se\/fi\/wp-json\/wp\/v2\/media?parent=9236"}],"wp:term":[{"taxonomy":"product_brand","embeddable":true,"href":"https:\/\/hansa-engineering.se\/fi\/wp-json\/wp\/v2\/product_brand?post=9236"},{"taxonomy":"product_cat","embeddable":true,"href":"https:\/\/hansa-engineering.se\/fi\/wp-json\/wp\/v2\/product_cat?post=9236"},{"taxonomy":"product_tag","embeddable":true,"href":"https:\/\/hansa-engineering.se\/fi\/wp-json\/wp\/v2\/product_tag?post=9236"}],"curies":[{"name":"wp","href":"https:\/\/api.w.org\/{rel}","templated":true}]}}