{"id":4820,"date":"2022-08-24T14:46:29","date_gmt":"2022-08-24T12:46:29","guid":{"rendered":"https:\/\/hansa-engineering.se\/?post_type=product&#038;p=3939"},"modified":"2026-01-23T16:05:11","modified_gmt":"2026-01-23T15:05:11","slug":"cat5000-sahkoistetty-ajoneuvo-liikkuvaa-polyntorjuntaa-varten","status":"publish","type":"product","link":"https:\/\/hansa-engineering.se\/fi\/produkt\/crawler-dust-elektrifierat-fordon-for-mobil-dammbekampning\/","title":{"rendered":"Ry\u00f6mint\u00e4ty\u00f6p\u00f6ly"},"excerpt":{"rendered":"","protected":false},"featured_media":3943,"template":"","meta":{"_acf_changed":false},"product_brand":[],"product_cat":[178],"product_tag":[],"class_list":{"0":"post-4820","1":"product","2":"type-product","3":"status-publish","4":"has-post-thumbnail","6":"product_cat-vattenkanoner","8":"first","9":"instock","10":"shipping-taxable","11":"purchasable","12":"product-type-simple"},"acf":[],"_links":{"self":[{"href":"https:\/\/hansa-engineering.se\/fi\/wp-json\/wp\/v2\/product\/4820","targetHints":{"allow":["GET"]}}],"collection":[{"href":"https:\/\/hansa-engineering.se\/fi\/wp-json\/wp\/v2\/product"}],"about":[{"href":"https:\/\/hansa-engineering.se\/fi\/wp-json\/wp\/v2\/types\/product"}],"wp:featuredmedia":[{"embeddable":true,"href":"https:\/\/hansa-engineering.se\/fi\/wp-json\/wp\/v2\/media\/3943"}],"wp:attachment":[{"href":"https:\/\/hansa-engineering.se\/fi\/wp-json\/wp\/v2\/media?parent=4820"}],"wp:term":[{"taxonomy":"product_brand","embeddable":true,"href":"https:\/\/hansa-engineering.se\/fi\/wp-json\/wp\/v2\/product_brand?post=4820"},{"taxonomy":"product_cat","embeddable":true,"href":"https:\/\/hansa-engineering.se\/fi\/wp-json\/wp\/v2\/product_cat?post=4820"},{"taxonomy":"product_tag","embeddable":true,"href":"https:\/\/hansa-engineering.se\/fi\/wp-json\/wp\/v2\/product_tag?post=4820"}],"curies":[{"name":"wp","href":"https:\/\/api.w.org\/{rel}","templated":true}]}}